{"id":1209,"date":"2026-03-23T08:55:07","date_gmt":"2026-03-23T08:55:07","guid":{"rendered":"https:\/\/safenarratives.org\/?page_id=1209"},"modified":"2026-03-23T09:44:20","modified_gmt":"2026-03-23T09:44:20","slug":"securitatea-digitala-si-drepturile-omului","status":"publish","type":"page","link":"https:\/\/safenarratives.org\/index.php\/securitatea-digitala-si-drepturile-omului\/","title":{"rendered":"Securitatea digital\u0103 \u0219i drepturile omului"},"content":{"rendered":"\t\t<div data-elementor-type=\"wp-page\" data-elementor-id=\"1209\" class=\"elementor elementor-1209\" data-elementor-post-type=\"page\">\n\t\t\t\t<div class=\"elementor-element elementor-element-a94b88f e-flex e-con-boxed e-con e-parent\" data-id=\"a94b88f\" data-element_type=\"container\" data-e-type=\"container\" data-settings=\"{&quot;background_background&quot;:&quot;classic&quot;}\">\n\t\t\t\t\t<div class=\"e-con-inner\">\n\t\t\t\t<div class=\"elementor-element elementor-element-7253ecd elementor-widget elementor-widget-heading\" data-id=\"7253ecd\" data-element_type=\"widget\" data-e-type=\"widget\" data-widget_type=\"heading.default\">\n\t\t\t\t\t<h2 class=\"elementor-heading-title elementor-size-default\"><h2 data-elementor-setting-key=\"title\" style=\"color: #F6F8EF;font-family: 'Montserrat', sans-serif;font-weight: 900;font-size: 45px;text-align: left;margin: 0\">\n    <strong>Securitatea digital\u0103 \u0219i drepturile omului<\/strong>\n<\/h2><\/h2>\t\t\t\t<\/div>\n\t\t\t\t\t<\/div>\n\t\t\t\t<\/div>\n\t\t<div class=\"elementor-element elementor-element-ca4d197 e-flex e-con-boxed e-con e-parent\" data-id=\"ca4d197\" data-element_type=\"container\" data-e-type=\"container\">\n\t\t\t\t\t<div class=\"e-con-inner\">\n\t\t\t\t<div class=\"elementor-element elementor-element-3fe2bfa elementor-widget elementor-widget-text-editor\" data-id=\"3fe2bfa\" data-element_type=\"widget\" data-e-type=\"widget\" data-widget_type=\"text-editor.default\">\n\t\t\t\t\t\t\t\t\t<p class=\"Lexical__paragraph\" dir=\"ltr\">Instrumentele de represiune digital\u0103, spyware, campanii de phishing, deturnarea conturilor \u0219i h\u0103r\u021buirea coordonat\u0103, au devenit la fel de periculoase pentru ap\u0103r\u0103torii drepturilor omului ca intimidarea fizic\u0103. Grupurile pentru drepturile omului, organiza\u021biile care sprijin\u0103 victime ale infrac\u021biunilor precum victime ale traficului de fiin\u021be umane sau jurnali\u0219tii de investiga\u021bie pot fi \u021binta unor atacuri care urm\u0103resc s\u0103 extrag\u0103 informa\u021bii, s\u0103 intimideze o organiza\u021bie sau s\u0103 fac\u0103 r\u0103u membrilor \u0219i comunit\u0103\u021bilor pe care le deservesc. <i><em class=\"Lexical__textItalic\">(German Marshall Fund)<\/em><\/i><\/p><p class=\"Lexical__paragraph\" dir=\"ltr\">Rom\u00e2nia nu face excep\u021bie, iar discu\u021bia privind securitatea digital\u0103 \u00een societatea civil\u0103 rom\u00e2neasc\u0103 r\u0103m\u00e2ne periculos de ne-abordat\u0103.<\/p><p class=\"Lexical__paragraph\" dir=\"ltr\">Spa\u021biul acordat societ\u0103\u021bii civile s-a restr\u00e2ns dramatic \u00een Europa de Est. Propunerea sau adoptarea de legisla\u021bie restrictiv\u0103 au \u00eempins ap\u0103rarea drepturilor \u00een plan secund, atacurile asupra libert\u0103\u021bii de asociere fiind \u00eenso\u021bite de reprimarea libert\u0103\u021bii de exprimare, \u00eenchiderea mass-mediei independente \u0219i persecutarea activi\u0219tilor <i><em class=\"Lexical__textItalic\">(IFEX).<\/em><\/i><\/p><p class=\"Lexical__paragraph\" dir=\"ltr\">Organiza\u021biile Access Now \u0219i Citizen Lab au documentat atacuri de phishing la scar\u0103 larg\u0103 viz\u00e2nd ONG-uri din Europa de Est, mass-media independente \u0219i organiza\u021bii pentru drepturile omului. Unul dintre cele mai recente, \u201eCOLDRIVER&#8221; (2024), a fost asociat cu o unitate de hackeri ru\u0219i, Callisto Group, despre care se crede c\u0103 era sub controlul FSB, care folosea documente de grant \u0219i propuneri de finan\u021bare pentru a p\u0103c\u0103li victimele <i><em class=\"Lexical__textItalic\">(The Insider). <\/em><\/i> Un alt caz ilustrativ vine din Serbia, unde poli\u021bia a utilizat spyware \u00eempotriva jurnali\u0219tilor \u0219i activi\u0219tilor, instalat pe telefoanele mobile ale acestora \u2014 demonstr\u00e2nd c\u0103 represiunea digital\u0103 nu vine doar din exterior, ci \u0219i din interior<i><em class=\"Lexical__textItalic\">(Amnesty International via AP News, 2024)<\/em><\/i>.<\/p><p class=\"Lexical__paragraph\" dir=\"ltr\">Rom\u00e2nia nu face excep\u021bie de la aceast\u0103 situa\u021bie regional\u0103. Siguran\u021ba jurnali\u0219tilor r\u0103m\u00e2ne un motiv serios de \u00eengrijorare. Supravegherea este o problem\u0103 semnificativ\u0103, interferen\u021ba procurorilor \u00een activitatea jurnalistic\u0103 echivaleaz\u0103 cu h\u0103r\u021buire, iar sistemul judiciar \u00eencearc\u0103 din ce \u00een ce mai mult s\u0103 oblige presa s\u0103 \u00ee\u0219i dezv\u0103luie sursele <i><em class=\"Lexical__textItalic\">(Reporteri f\u0103r\u0103 Frontiere). <\/em><\/i>Raportul OCDE privind spa\u021biul civic din Rom\u00e2nia (2023) descrie societatea civil\u0103 ca fiind activ\u0103, dar fragil\u0103, confruntat\u0103 cu limit\u0103ri structurale de capacitate \u0219i resurse. Pe de alt\u0103 parte, violen\u021ba digital\u0103 \u0219i h\u0103r\u021buirea online nu sunt abordate cu aceea\u0219i urgen\u021b\u0103 ca amenin\u021b\u0103rile fizice, iar majoritatea guvernelor UE nu au luat m\u0103suri adecvate pentru a \u00eembun\u0103t\u0103\u021bi situa\u021bia. <i><em class=\"Lexical__textItalic\">(Liberties.eu)<\/em><\/i><\/p><p class=\"Lexical__paragraph\" dir=\"ltr\">Peste 70% dintre cei peste 200 de participan\u021bi reprezent\u00e2nd 192 de organiza\u021bii la un eveniment TechSoup Rom\u00e2nia dedicat securit\u0103\u021bii digitale pentru ONG-uri au declarat c\u0103 era primul eveniment de acest gen pentru ei. Unul din patru raportase deja un incident de securitate \u00een ultimele 12 luni<i><em class=\"Lexical__textItalic\">. <\/em><\/i>Motivele sunt structurale: din lips\u0103 de fonduri, ONG-urile prioritizeaz\u0103 costurile de program \u00een detrimentul celor opera\u021bionale, iar securitatea digital\u0103 este tratat\u0103 drept \u201echeltuial\u0103 general\u0103&#8221;, fiind descurajat\u0103 de donatori. Aceast\u0103 dinamic\u0103 este deosebit de acut\u0103 pentru organiza\u021biile care reprezint\u0103 comunit\u0103\u021bi minoritare \u2014 grupuri pentru drepturile romilor, organiza\u021bii LGBTQ+, asocia\u021bii ale minorit\u0103\u021bilor etnice \u2014 care opereaz\u0103 cu cele mai mici bugete, dar de\u021bin date sensibile \u0219i sunt puternic expuse politic. <i><em class=\"Lexical__textItalic\">(German Marshall Fund)<\/em><\/i><\/p><p class=\"Lexical__paragraph\" dir=\"ltr\">Organiza\u021bii precum RISE Project, platforma de jurnalism de investiga\u021bie care a dezv\u0103luit cazuri majore de corup\u021bie \u0219i crim\u0103 organizat\u0103, depind aproape \u00een totalitate de infrastructur\u0103 digital\u0103 sigur\u0103. O bre\u0219\u0103 de securitate nu ar fi un simplu inconvenient tehnic \u2014 ar putea expune surse la pericol fizic \u0219i distruge ani de probe acumulate. ONG-urile \u0219i <i><em class=\"Lexical__textItalic\">think tank<\/em><\/i>-urile se num\u0103r\u0103 printre primele trei sectoare cele mai vizate de atacuri la nivel global <i><em class=\"Lexical__textItalic\">(Microsoft Digital Defense Report, via German Marshall Fund).<\/em><\/i><\/p><p class=\"Lexical__paragraph\" dir=\"ltr\">\u00cen acela\u0219i timp, exist\u0103 un decalaj major \u00eentre Europa de Est si Europa de Vest. Organiza\u021biile din capitalele occidentale pot accesa relativ u\u0219or consultan\u021bi pro bono, programe de formare finan\u021bate de UE \u0219i re\u021bele de sprijin consacrate. \u00cen Rom\u00e2nia \u0219i \u021b\u0103rile vecine, \u00een special \u00een afara marilor centre urbane, astfel de resurse sunt mult mai pu\u021bine. Ecosistemul european de educa\u021bie \u00een securitate digital\u0103 este \u00een cre\u0219tere, dar distribuit foarte inegal. <i><em class=\"Lexical__textItalic\">(IntechOpen). <\/em><\/i><\/p><p class=\"Lexical__paragraph\" dir=\"ltr\">Securitatea digital\u0103 nu este o chestiune tehnic\u0103 de lux. Pentru un jurnalist care \u00ee\u0219i protejeaz\u0103 o surs\u0103, pentru un activist ale c\u0103rui comunica\u021bii sunt monitorizate sau pentru un ONG care este \u021binta atacurilor digitale, ea reprezint\u0103 diferen\u021ba dintre siguran\u021b\u0103 \u0219i pericol, \u00eentre a fi auzit \u0219i a fi redus la t\u0103cere.<\/p><p dir=\"ltr\">F\u0103r\u0103 resurse, f\u0103r\u0103 formare \u0219i f\u0103r\u0103 sprijin dedicat, societatea civil\u0103 din Rom\u00e2nia r\u0103m\u00e2ne vulnerabil\u0103 tocmai \u00een momentele \u00een care conteaz\u0103 cel mai mult. Sus\u021bin\u00e2nd securitatea digital\u0103, sus\u021bii drepturile omului.<\/p>\t\t\t\t\t\t\t\t<\/div>\n\t\t\t\t\t<\/div>\n\t\t\t\t<\/div>\n\t\t\t\t<\/div>\n\t\t","protected":false},"excerpt":{"rendered":"<p>Securitatea digital\u0103 \u0219i drepturile omului Instrumentele de represiune digital\u0103, spyware, campanii de phishing, deturnarea conturilor \u0219i h\u0103r\u021buirea coordonat\u0103, au devenit la fel de periculoase pentru ap\u0103r\u0103torii drepturilor omului ca intimidarea fizic\u0103. Grupurile pentru drepturile omului, organiza\u021biile care sprijin\u0103 victime ale infrac\u021biunilor precum victime ale traficului de fiin\u021be umane sau jurnali\u0219tii de investiga\u021bie pot fi \u021binta [&hellip;]<\/p>\n","protected":false},"author":1,"featured_media":0,"parent":0,"menu_order":0,"comment_status":"closed","ping_status":"closed","template":"","meta":{"footnotes":""},"class_list":["post-1209","page","type-page","status-publish","hentry"],"_links":{"self":[{"href":"https:\/\/safenarratives.org\/index.php\/wp-json\/wp\/v2\/pages\/1209","targetHints":{"allow":["GET"]}}],"collection":[{"href":"https:\/\/safenarratives.org\/index.php\/wp-json\/wp\/v2\/pages"}],"about":[{"href":"https:\/\/safenarratives.org\/index.php\/wp-json\/wp\/v2\/types\/page"}],"author":[{"embeddable":true,"href":"https:\/\/safenarratives.org\/index.php\/wp-json\/wp\/v2\/users\/1"}],"replies":[{"embeddable":true,"href":"https:\/\/safenarratives.org\/index.php\/wp-json\/wp\/v2\/comments?post=1209"}],"version-history":[{"count":13,"href":"https:\/\/safenarratives.org\/index.php\/wp-json\/wp\/v2\/pages\/1209\/revisions"}],"predecessor-version":[{"id":1235,"href":"https:\/\/safenarratives.org\/index.php\/wp-json\/wp\/v2\/pages\/1209\/revisions\/1235"}],"wp:attachment":[{"href":"https:\/\/safenarratives.org\/index.php\/wp-json\/wp\/v2\/media?parent=1209"}],"curies":[{"name":"wp","href":"https:\/\/api.w.org\/{rel}","templated":true}]}}